{"id":4095,"date":"2020-07-13T19:29:26","date_gmt":"2020-07-13T19:29:26","guid":{"rendered":"https:\/\/imperador.pt\/?page_id=4095"},"modified":"2020-08-28T21:03:57","modified_gmt":"2020-08-28T21:03:57","slug":"politica-privacidade","status":"publish","type":"page","link":"https:\/\/imperador.pt\/pt-pt\/politica-privacidade\/","title":{"rendered":"Pol\u00edtica de Privacidade"},"content":{"rendered":"<div  class=\"tatsu-D3FxLZqlyV tatsu-section  tatsu-bg-overlay   tatsu-clearfix\" data-title=\"\"  data-headerscheme=\"background--dark\"><div class='tatsu-section-pad clearfix' data-padding='{\"d\":\"90px 0px 90px 0px\"}' data-padding-top='90px'><div class=\"tatsu-row-wrap  tatsu-wrap tatsu-row-one-col tatsu-row-has-one-cols tatsu-medium-gutter tatsu-reg-cols  tatsu-clearfix tatsu-3k0uhuODCw\" ><div  class=\"tatsu-row \" ><div  class=\"tatsu-column  tatsu-bg-overlay tatsu-one-col tatsu-column-image-none tatsu-column-effect-none  tatsu-TZtqh5kyb\"  data-parallax-speed=\"0\" style=\"\"><div class=\"tatsu-column-inner \" ><div class=\"tatsu-column-pad-wrap\"><div class=\"tatsu-column-pad\" ><div  class=\"tatsu-module tatsu-text-block-wrap tatsu--mDNyO0J9  \"><div class=\"tatsu-text-inner tatsu-align-center  clearfix\" ><style>.tatsu--mDNyO0J9.tatsu-text-block-wrap .tatsu-text-inner{width: 100%;text-align: left;}<\/style>\n<div class=\"vc_row wpb_row vc_row-fluid  \">\n<div class=\"vc_span12 wpb_column vc_column_container \">\n<div class=\"vc_column-inner \">\n<div class=\"wpb_wrapper\">\n<h2 class=\"vc_custom_heading letterspacing-1\">POL\u00cdTICA DE COOKIES<\/h2>\n<\/div>\n<\/div>\n<\/div>\n<\/div>\n<\/div><\/div><div  class=\"tatsu-module tatsu-text-block-wrap tatsu-2jdZRh6VT  \"><div class=\"tatsu-text-inner tatsu-align-center  clearfix\" ><style>.tatsu-2jdZRh6VT.tatsu-text-block-wrap .tatsu-text-inner{width: 100%;text-align: left;}.tatsu-2jdZRh6VT.tatsu-text-block-wrap{margin: 0px 0px 90px 0px;}<\/style>\n<p>Este site utiliza\u00a0<em>cookies d<\/em>e forma a melhorar o desempenho e experi\u00eancia do utilizador. Entre outras funcionalidades, os\u00a0<em>cookies<\/em>\u00a0servem, por exemplo, para identificar o dispositivo a partir do qual est\u00e1 a ser feito a consulta, permitindo optimizar o acesso a todas as \u00e1reas e funcionalidades. Ao continuar a navegar neste site est\u00e1 a consentir na utiliza\u00e7\u00e3o de\u00a0<em>cookies<\/em>.<\/p>\n<p><strong>O que s\u00e3o\u00a0<em>cookies?<\/em><\/strong><br \/>Cookies s\u00e3o ficheiros de dados gravados no seu dispositivo com informa\u00e7\u00e3o da sess\u00e3o do utilizador.<\/p>\n<p><strong>Para que servem os\u00a0<em>cookies?<\/em><\/strong><em><br \/><\/em>Os\u00a0<em>cookies<\/em>\u00a0servem genericamente para assegurar\u00a0o bom desempenho dos sites. Ao fornecerem dados de utiliza\u00e7\u00e3o, permitem tamb\u00e9m que os gestores corrijam problemas de usabilidade e\u00a0optimizem o site.<\/p>\n<p><strong>\u00c9 poss\u00edvel gerir os\u00a0<em>cookies?<\/em><\/strong><br \/>Sim. Pode gerir\u00a0e apagar os cookies atrav\u00e9s das defini\u00e7\u00f5es do seu browser. Nos seguintes links pode obter informa\u00e7\u00e3o sobres os browsers mais utilizados.<\/p>\n<p>|<strong>\u00a0<a href=\"https:\/\/support.google.com\/chrome\/answer\/95647?hl=pt&#038;topic=14666&#038;ctx=topic\">Google Chrome<\/a><\/strong><br \/><strong>|\u00a0<a href=\"http:\/\/support.mozilla.org\/pt-PT\/kb\/Activar%20e%20Desactivar%20cookies?redirectlocale=en-US&#038;redirectslug=Enabling+and+disabling+cookies\">Mozilla Firefox<\/a><\/strong><br \/><strong>|\u00a0<a href=\"http:\/\/support.apple.com\/kb\/HT1677?viewlocale=pt_PT&#038;locale=pt_PT\">Apple Safari<\/a><\/strong><br \/><strong>|\u00a0<a href=\"http:\/\/windows.microsoft.com\/en-gb\/windows7\/how-to-manage-cookies-in-internet-explorer-9\">Microsoft Internet Explorer<br \/><\/a><\/strong><\/p>\n<p><strong>Se utilizar outros browsers cons<\/strong>ulte a op\u00e7\u00e3o \u201cAjuda\u201d.<\/p>\n<p><strong><em>Cookies<\/em>\u00a0de terceiros<br \/><\/strong>Durante a sua\u00a0navega\u00e7\u00e3o\u00a0neste site poder\u00e1 tamb\u00e9m receber outros\u00a0<em>cookies\u00a0<\/em>enviados por entidades externas (youtube, facebook, Twitter entre outras), bem como\u00a0<em>cookies<\/em>\u00a0colocados pela ferramenta Google Analytics, que permite obter informa\u00e7\u00e3o estat\u00edstica sobre a utiliza\u00e7\u00e3o do site.<strong>\u00a0<a href=\"https:\/\/tools.google.com\/dlpage\/gaoptout?hl=None\">Clique\u00a0aqui<\/a>\u00a0<\/strong>para saber como rejeitar\u00a0cookies do Google Analitics<\/p>\n<p><strong><em>Cookies<\/em><\/strong><strong>\u00a0em emails e newsletters<br \/><\/strong>Os nossos emails e newsletters podem\u00a0tamb\u00e9m usar\u00a0<em>cookies<\/em>\u00a0de forma a sabermos se o email foi lido e\u00a0clicado.<\/p>\n<p>Caso tenha alguma d\u00favida sobre esta quest\u00e3o por favor\u00a0<a href=\"tel: +351213524884\"><strong>contacte-nos.<\/strong><\/a><\/p>\n<\/div><\/div><\/div><\/div><div class = \"tatsu-column-bg-image-wrap\"><div class = \"tatsu-column-bg-image\" ><\/div><\/div><div class=\"tatsu-overlay tatsu-column-overlay tatsu-animate-none\" ><\/div><\/div><style>.tatsu-row > .tatsu-TZtqh5kyb.tatsu-column{width: 100%;}.tatsu-TZtqh5kyb.tatsu-column > .tatsu-column-inner > .tatsu-column-overlay{mix-blend-mode: normal;}.tatsu-TZtqh5kyb > .tatsu-column-inner > .tatsu-top-divider{z-index: 9999;}.tatsu-TZtqh5kyb > .tatsu-column-inner > .tatsu-bottom-divider{z-index: 9999;}.tatsu-TZtqh5kyb > .tatsu-column-inner > .tatsu-left-divider{z-index: 9999;}.tatsu-TZtqh5kyb > .tatsu-column-inner > .tatsu-right-divider{z-index: 9999;}@media only screen and (max-width:1377px) {.tatsu-row > .tatsu-TZtqh5kyb.tatsu-column{width: 100%;}}@media only screen and (min-width:768px) and (max-width: 1024px) {.tatsu-row > .tatsu-TZtqh5kyb.tatsu-column{width: 100%;}}@media only screen and (max-width: 767px) {.tatsu-row > .tatsu-TZtqh5kyb.tatsu-column{width: 100%;}}<\/style><\/div><\/div><\/div><\/div><div class=\"tatsu-section-background-wrap\"><div class = \"tatsu-section-background\" ><\/div><\/div><div class=\"tatsu-overlay tatsu-section-overlay\"><\/div><style>.tatsu-D3FxLZqlyV .tatsu-section-pad{padding: 90px 0px 90px 0px;}.tatsu-D3FxLZqlyV .tatsu-section-offset-wrap{transform: translateY(-0px);}.tatsu-D3FxLZqlyV > .tatsu-bottom-divider{z-index: 9999;}.tatsu-D3FxLZqlyV > .tatsu-top-divider{z-index: 9999;}.tatsu-D3FxLZqlyV .tatsu-section-overlay{background: rgba(247,247,247,1);mix-blend-mode: normal;}<\/style><\/div><div  class=\"tatsu-__B5Wa2cR_ tatsu-section  tatsu-bg-overlay   tatsu-clearfix\" data-title=\"\"  data-headerscheme=\"background--dark\"><div class='tatsu-section-pad clearfix' data-padding='{\"d\":\"90px 0px 90px 0px\"}' data-padding-top='90px'><div class=\"tatsu-row-wrap  tatsu-wrap tatsu-row-one-col tatsu-row-has-one-cols tatsu-medium-gutter tatsu-reg-cols  tatsu-clearfix tatsu-5QFgGsxMcL\" ><div  class=\"tatsu-row \" ><div  class=\"tatsu-column  tatsu-bg-overlay tatsu-one-col tatsu-column-image-none tatsu-column-effect-none  tatsu-lrE_2KGQF\"  data-parallax-speed=\"0\" style=\"\"><div class=\"tatsu-column-inner \" ><div class=\"tatsu-column-pad-wrap\"><div class=\"tatsu-column-pad\" ><div  class=\"tatsu-module tatsu-text-block-wrap tatsu-_fM3jRisL  \"><div class=\"tatsu-text-inner tatsu-align-center  clearfix\" ><style>.tatsu-_fM3jRisL.tatsu-text-block-wrap .tatsu-text-inner{width: 100%;text-align: left;}<\/style>\n<div class=\"vc_row wpb_row vc_row-fluid  \">\n<div class=\"vc_span12 wpb_column vc_column_container \">\n<div class=\"vc_column-inner \">\n<div class=\"wpb_wrapper\">\n<h2 class=\"vc_custom_heading letterspacing-1\">CONDI\u00c7\u00d5ES DE UTILIZA\u00c7\u00c3O<\/h2>\n<\/div>\n<\/div>\n<\/div>\n<\/div>\n<div class=\"vc_row wpb_row vc_row-fluid  \">\n<div class=\"vc_span12 wpb_column vc_column_container \">\n<div class=\"vc_column-inner \">\n<div class=\"wpb_wrapper\">\n<div class=\"wpb_text_column wpb_content_element   ct_6v7b5a5gro99jt6bz1dl\">\n<div class=\"wpb_wrapper\">\u00a0<\/div>\n<\/div>\n<\/div>\n<\/div>\n<\/div>\n<\/div>\n<\/div><\/div><div  class=\"tatsu-module tatsu-text-block-wrap tatsu-PaEPRHQxR  \"><div class=\"tatsu-text-inner tatsu-align-center  clearfix\" ><style>.tatsu-PaEPRHQxR.tatsu-text-block-wrap .tatsu-text-inner{width: 100%;text-align: left;}<\/style>\n<div class=\"vc_row wpb_row vc_row-fluid  \">\n<div class=\"vc_span12 wpb_column vc_column_container \">\n<div class=\"vc_column-inner \">\n<div class=\"wpb_wrapper\">\n<div class=\"wpb_text_column wpb_content_element   ct_6v7b5a5gro99jt6bz1dl\">\n<div class=\"wpb_wrapper\">\n<p>Prote\u00e7\u00e3o da Privacidade e Tratamento de Dados Pessoais \u2013 informa\u00e7\u00e3o aos clientes<br \/>Em 2016, a UE decidiu reformar a fundo o seu quadro de prote\u00e7\u00e3o de dados. Em 25 de maio de 2018, o novo instrumento geral da UE em mat\u00e9ria de prote\u00e7\u00e3o de dados, o Regulamento Geral sobre a Prote\u00e7\u00e3o de Dados (RGPD), passar\u00e1 a ser diretamente aplic\u00e1vel.<br \/>O novo regulamento refor\u00e7a a prote\u00e7\u00e3o do direito fundamental dos indiv\u00edduos \u00e0 prote\u00e7\u00e3o dos dados pessoais, refletindo a natureza da prote\u00e7\u00e3o de dados enquanto direito fundamental da Uni\u00e3o Europeia.<\/p>\n<p>Ao aceder a este site, o utilizador aceita a pol\u00edtica de privacidade do Hotel Imperador.<br \/>No \u00e2mbito da nossa atividade necessitamos de ter acesso a alguns dados pessoais, nomeadamente o nome, o endere\u00e7o de uma resid\u00eancia, um n\u00famero de telefone ou endere\u00e7o de email e os dados do cart\u00e3o de identifica\u00e7\u00e3o.<\/p>\n<p>Os dados pessoais s\u00e3o solicitados quando o cliente faz uma reserva atrav\u00e9s do site ou por email e tamb\u00e9m aquando do check-in.<\/p>\n<p>A recolha de dados pessoais tem como finalidade a presta\u00e7\u00e3o e fatura\u00e7\u00e3o dos servi\u00e7os.<\/p>\n<p>O\u00a0<strong>Hotel Imperador<\/strong>\u00a0n\u00e3o disponibiliza a terceiros os dados pessoais dos seus clientes, nomeadamente para uso publicit\u00e1rio ou comercial. No entanto, poder\u00e1 ser obrigado, por lei, a divulgar algumas das informa\u00e7\u00f5es fornecidas a entidades oficiais.<\/p>\n<p>Na eventualidade de falta ou de fornecimento incorreto dos dados exigidos, o\u00a0<strong>Hotel Imperador<\/strong>\u00a0n\u00e3o poder\u00e1 prestar o servi\u00e7o contratado. A disponibiliza\u00e7\u00e3o de dados incorretos ou inexatos \u00e9 da exclusiva responsabilidade do cliente.<br \/>Os seus dados pessoais s\u00e3o conservados apenas durante o per\u00edodo de tempo necess\u00e1rio para a presta\u00e7\u00e3o do servi\u00e7o ou para o cumprimento de obriga\u00e7\u00f5es legais do\u00a0<strong>Hotel Imperador<\/strong>.<\/p>\n<p>Os dados poder\u00e3o ainda ser conservados at\u00e9 ao per\u00edodo durante o qual a eventual fatura pode ser legalmente contestada ou o pagamento reclamado, ou pelos per\u00edodos legalmente definidos para fins de investiga\u00e7\u00e3o e a\u00e7\u00f5es judiciais de natureza penal.<\/p>\n<p>Caso ocorra uma viola\u00e7\u00e3o de dados devida a um incidente de seguran\u00e7a, que resulte em viola\u00e7\u00e3o da confidencialidade, da disponibilidade ou da integridade dos dados, o\u00a0<strong>Hotel Imperador<\/strong>\u00a0comunicar\u00e1 o facto num prazo m\u00e1ximo de 72 horas \u00e0 autoridade de controlo. As pessoas afetadas tamb\u00e9m devem ser informadas se a viola\u00e7\u00e3o dos dados representar um risco elevado.<\/p>\n<p>O utilizador deste site disp\u00f5e do direito de acesso, modifica\u00e7\u00e3o e elimina\u00e7\u00e3o das informa\u00e7\u00f5es pessoais que forneceu ao\u00a0<strong>Hotel Imperador<\/strong>. Para tal efeito dever\u00e1 enviar um email para\u00a0<strong>info@imperador.pt<\/strong>\u00a0(ao cuidado da dire\u00e7\u00e3o).<\/p>\n<p>O utilizador deste site tem o direito de apresentar reclama\u00e7\u00e3o junto da CNPD ou de outra autoridade de controlo.<\/p>\n<p>Lisboa, 15 de maio de 2018<\/p>\n<\/div>\n<\/div>\n<\/div>\n<\/div>\n<\/div>\n<\/div>\n<div class=\"vc_row wpb_row vc_row-fluid  \">\n<div class=\"vc_span12 wpb_column vc_column_container \">\n<div class=\"vc_column-inner \">\n<div class=\"wpb_wrapper\">\u00a0<\/div>\n<\/div>\n<\/div>\n<\/div>\n<\/div><\/div><\/div><\/div><div class = \"tatsu-column-bg-image-wrap\"><div class = \"tatsu-column-bg-image\" ><\/div><\/div><div class=\"tatsu-overlay tatsu-column-overlay tatsu-animate-none\" ><\/div><\/div><style>.tatsu-row > .tatsu-lrE_2KGQF.tatsu-column{width: 100%;}.tatsu-lrE_2KGQF.tatsu-column > .tatsu-column-inner > .tatsu-column-overlay{mix-blend-mode: normal;}.tatsu-lrE_2KGQF > .tatsu-column-inner > .tatsu-top-divider{z-index: 9999;}.tatsu-lrE_2KGQF > .tatsu-column-inner > .tatsu-bottom-divider{z-index: 9999;}.tatsu-lrE_2KGQF > .tatsu-column-inner > .tatsu-left-divider{z-index: 9999;}.tatsu-lrE_2KGQF > .tatsu-column-inner > .tatsu-right-divider{z-index: 9999;}@media only screen and (max-width:1377px) {.tatsu-row > .tatsu-lrE_2KGQF.tatsu-column{width: 100%;}}@media only screen and (min-width:768px) and (max-width: 1024px) {.tatsu-row > .tatsu-lrE_2KGQF.tatsu-column{width: 100%;}}@media only screen and (max-width: 767px) {.tatsu-row > .tatsu-lrE_2KGQF.tatsu-column{width: 100%;}}<\/style><\/div><\/div><\/div><\/div><div class=\"tatsu-section-background-wrap\"><div class = \"tatsu-section-background\" ><\/div><\/div><div class=\"tatsu-overlay tatsu-section-overlay\"><\/div><style>.tatsu-__B5Wa2cR_ .tatsu-section-pad{padding: 90px 0px 90px 0px;}.tatsu-__B5Wa2cR_ .tatsu-section-offset-wrap{transform: translateY(-0px);}.tatsu-__B5Wa2cR_ > .tatsu-bottom-divider{z-index: 9999;}.tatsu-__B5Wa2cR_ > .tatsu-top-divider{z-index: 9999;}.tatsu-__B5Wa2cR_ .tatsu-section-overlay{mix-blend-mode: normal;}<\/style><\/div>\n","protected":false},"excerpt":{"rendered":"<p><a href=\"https:\/\/imperador.pt\/pt-pt\/politica-privacidade\/\" class=\"more-link style1-button\">Read More<\/a><\/p>","protected":false},"author":1,"featured_media":4453,"parent":0,"menu_order":0,"comment_status":"closed","ping_status":"closed","template":"","meta":{"footnotes":""},"class_list":["post-4095","page","type-page","status-publish","has-post-thumbnail","hentry"],"yoast_head":"<!-- This site is optimized with the Yoast SEO plugin v27.5 - https:\/\/yoast.com\/product\/yoast-seo-wordpress\/ -->\n<title>Pol\u00edtica de Privacidade | IMPERADOR HOTEL **<\/title>\n<meta name=\"description\" content=\"Este site utiliza cookies de forma a melhorar o desempenho e experi\u00eancia do utilizador. Entre outras funcionalidades, os cookies servem, por exemplo, para identificar o dispositivo a partir do qual est\u00e1 a ser feito a consulta, permitindo optimizar o acesso a todas as \u00e1reas e funcionalidades. Ao continuar a navegar neste site est\u00e1 a consentir na utiliza\u00e7\u00e3o de cookies.\" \/>\n<meta name=\"robots\" content=\"index, follow, max-snippet:-1, max-image-preview:large, max-video-preview:-1\" \/>\n<link rel=\"canonical\" href=\"https:\/\/imperador.pt\/pt-pt\/politica-privacidade\/\" \/>\n<meta property=\"og:locale\" content=\"pt_PT\" \/>\n<meta property=\"og:type\" content=\"article\" \/>\n<meta property=\"og:title\" content=\"Pol\u00edtica de Privacidade | IMPERADOR HOTEL **\" \/>\n<meta property=\"og:description\" content=\"Este site utiliza cookies de forma a melhorar o desempenho e experi\u00eancia do utilizador. Entre outras funcionalidades, os cookies servem, por exemplo, para identificar o dispositivo a partir do qual est\u00e1 a ser feito a consulta, permitindo optimizar o acesso a todas as \u00e1reas e funcionalidades. Ao continuar a navegar neste site est\u00e1 a consentir na utiliza\u00e7\u00e3o de cookies.\" \/>\n<meta property=\"og:url\" content=\"https:\/\/imperador.pt\/pt-pt\/politica-privacidade\/\" \/>\n<meta property=\"og:site_name\" content=\"IMPERADOR HOTEL **\" \/>\n<meta property=\"article:publisher\" content=\"https:\/\/www.facebook.com\/hotelImperadorLisboa\/\" \/>\n<meta property=\"article:modified_time\" content=\"2020-08-28T21:03:57+00:00\" \/>\n<meta property=\"og:image\" content=\"https:\/\/imperador.pt\/wp-content\/uploads\/2020\/08\/pol\u00edtica-de-privacidade-IMPERADOR-HOTEL-e1598648588465.jpg\" \/>\n\t<meta property=\"og:image:width\" content=\"1280\" \/>\n\t<meta property=\"og:image:height\" content=\"854\" \/>\n\t<meta property=\"og:image:type\" content=\"image\/jpeg\" \/>\n<meta name=\"twitter:card\" content=\"summary_large_image\" \/>\n<meta name=\"twitter:title\" content=\"Pol\u00edtica de Privacidade | IMPERADOR HOTEL **\" \/>\n<meta name=\"twitter:description\" content=\"Este site utiliza cookies de forma a melhorar o desempenho e experi\u00eancia do utilizador. Entre outras funcionalidades, os cookies servem, por exemplo, para identificar o dispositivo a partir do qual est\u00e1 a ser feito a consulta, permitindo optimizar o acesso a todas as \u00e1reas e funcionalidades. Ao continuar a navegar neste site est\u00e1 a consentir na utiliza\u00e7\u00e3o de cookies.\" \/>\n<meta name=\"twitter:image\" content=\"https:\/\/imperador.pt\/wp-content\/uploads\/2020\/08\/pol\u00edtica-de-privacidade-IMPERADOR-HOTEL-e1598648588465.jpg\" \/>\n<meta name=\"twitter:label1\" content=\"Tempo estimado de leitura\" \/>\n\t<meta name=\"twitter:data1\" content=\"11 minutos\" \/>\n<script type=\"application\/ld+json\" class=\"yoast-schema-graph\">{\"@context\":\"https:\\\/\\\/schema.org\",\"@graph\":[{\"@type\":\"WebPage\",\"@id\":\"https:\\\/\\\/imperador.pt\\\/pt-pt\\\/politica-privacidade\\\/\",\"url\":\"https:\\\/\\\/imperador.pt\\\/pt-pt\\\/politica-privacidade\\\/\",\"name\":\"Pol\u00edtica de Privacidade | IMPERADOR HOTEL **\",\"isPartOf\":{\"@id\":\"https:\\\/\\\/imperador.pt\\\/pt-pt\\\/#website\"},\"primaryImageOfPage\":{\"@id\":\"https:\\\/\\\/imperador.pt\\\/pt-pt\\\/politica-privacidade\\\/#primaryimage\"},\"image\":{\"@id\":\"https:\\\/\\\/imperador.pt\\\/pt-pt\\\/politica-privacidade\\\/#primaryimage\"},\"thumbnailUrl\":\"https:\\\/\\\/imperador.pt\\\/wp-content\\\/uploads\\\/2020\\\/08\\\/pol\u00edtica-de-privacidade-IMPERADOR-HOTEL-e1598648588465.jpg\",\"datePublished\":\"2020-07-13T19:29:26+00:00\",\"dateModified\":\"2020-08-28T21:03:57+00:00\",\"description\":\"Este site utiliza cookies de forma a melhorar o desempenho e experi\u00eancia do utilizador. Entre outras funcionalidades, os cookies servem, por exemplo, para identificar o dispositivo a partir do qual est\u00e1 a ser feito a consulta, permitindo optimizar o acesso a todas as \u00e1reas e funcionalidades. Ao continuar a navegar neste site est\u00e1 a consentir na utiliza\u00e7\u00e3o de cookies.\",\"breadcrumb\":{\"@id\":\"https:\\\/\\\/imperador.pt\\\/pt-pt\\\/politica-privacidade\\\/#breadcrumb\"},\"inLanguage\":\"pt-PT\",\"potentialAction\":[{\"@type\":\"ReadAction\",\"target\":[\"https:\\\/\\\/imperador.pt\\\/pt-pt\\\/politica-privacidade\\\/\"]}]},{\"@type\":\"ImageObject\",\"inLanguage\":\"pt-PT\",\"@id\":\"https:\\\/\\\/imperador.pt\\\/pt-pt\\\/politica-privacidade\\\/#primaryimage\",\"url\":\"https:\\\/\\\/imperador.pt\\\/wp-content\\\/uploads\\\/2020\\\/08\\\/pol\u00edtica-de-privacidade-IMPERADOR-HOTEL-e1598648588465.jpg\",\"contentUrl\":\"https:\\\/\\\/imperador.pt\\\/wp-content\\\/uploads\\\/2020\\\/08\\\/pol\u00edtica-de-privacidade-IMPERADOR-HOTEL-e1598648588465.jpg\",\"width\":1280,\"height\":854},{\"@type\":\"BreadcrumbList\",\"@id\":\"https:\\\/\\\/imperador.pt\\\/pt-pt\\\/politica-privacidade\\\/#breadcrumb\",\"itemListElement\":[{\"@type\":\"ListItem\",\"position\":1,\"name\":\"In\u00edcio\",\"item\":\"https:\\\/\\\/imperador.pt\\\/pt-pt\\\/\"},{\"@type\":\"ListItem\",\"position\":2,\"name\":\"Pol\u00edtica de Privacidade\"}]},{\"@type\":\"WebSite\",\"@id\":\"https:\\\/\\\/imperador.pt\\\/pt-pt\\\/#website\",\"url\":\"https:\\\/\\\/imperador.pt\\\/pt-pt\\\/\",\"name\":\"IMPERADOR HOTEL **\",\"description\":\"Hotel muito tranquilo no centro da cidade de Lisboa junto \u00e0 Pra\u00e7a Duque de Saldanha.\",\"publisher\":{\"@id\":\"https:\\\/\\\/imperador.pt\\\/pt-pt\\\/#organization\"},\"potentialAction\":[{\"@type\":\"SearchAction\",\"target\":{\"@type\":\"EntryPoint\",\"urlTemplate\":\"https:\\\/\\\/imperador.pt\\\/pt-pt\\\/?s={search_term_string}\"},\"query-input\":{\"@type\":\"PropertyValueSpecification\",\"valueRequired\":true,\"valueName\":\"search_term_string\"}}],\"inLanguage\":\"pt-PT\"},{\"@type\":\"Organization\",\"@id\":\"https:\\\/\\\/imperador.pt\\\/pt-pt\\\/#organization\",\"name\":\"IMPERADOR HOTEL **\",\"url\":\"https:\\\/\\\/imperador.pt\\\/pt-pt\\\/\",\"logo\":{\"@type\":\"ImageObject\",\"inLanguage\":\"pt-PT\",\"@id\":\"https:\\\/\\\/imperador.pt\\\/pt-pt\\\/#\\\/schema\\\/logo\\\/image\\\/\",\"url\":\"https:\\\/\\\/imperador.pt\\\/wp-content\\\/uploads\\\/2020\\\/07\\\/logotipo-imperador-hotel-254px-escuro.png\",\"contentUrl\":\"https:\\\/\\\/imperador.pt\\\/wp-content\\\/uploads\\\/2020\\\/07\\\/logotipo-imperador-hotel-254px-escuro.png\",\"width\":255,\"height\":136,\"caption\":\"IMPERADOR HOTEL **\"},\"image\":{\"@id\":\"https:\\\/\\\/imperador.pt\\\/pt-pt\\\/#\\\/schema\\\/logo\\\/image\\\/\"},\"sameAs\":[\"https:\\\/\\\/www.facebook.com\\\/hotelImperadorLisboa\\\/\"]}]}<\/script>\n<!-- \/ Yoast SEO plugin. -->","yoast_head_json":{"title":"Pol\u00edtica de Privacidade | IMPERADOR HOTEL **","description":"Este site utiliza cookies de forma a melhorar o desempenho e experi\u00eancia do utilizador. Entre outras funcionalidades, os cookies servem, por exemplo, para identificar o dispositivo a partir do qual est\u00e1 a ser feito a consulta, permitindo optimizar o acesso a todas as \u00e1reas e funcionalidades. Ao continuar a navegar neste site est\u00e1 a consentir na utiliza\u00e7\u00e3o de cookies.","robots":{"index":"index","follow":"follow","max-snippet":"max-snippet:-1","max-image-preview":"max-image-preview:large","max-video-preview":"max-video-preview:-1"},"canonical":"https:\/\/imperador.pt\/pt-pt\/politica-privacidade\/","og_locale":"pt_PT","og_type":"article","og_title":"Pol\u00edtica de Privacidade | IMPERADOR HOTEL **","og_description":"Este site utiliza cookies de forma a melhorar o desempenho e experi\u00eancia do utilizador. Entre outras funcionalidades, os cookies servem, por exemplo, para identificar o dispositivo a partir do qual est\u00e1 a ser feito a consulta, permitindo optimizar o acesso a todas as \u00e1reas e funcionalidades. Ao continuar a navegar neste site est\u00e1 a consentir na utiliza\u00e7\u00e3o de cookies.","og_url":"https:\/\/imperador.pt\/pt-pt\/politica-privacidade\/","og_site_name":"IMPERADOR HOTEL **","article_publisher":"https:\/\/www.facebook.com\/hotelImperadorLisboa\/","article_modified_time":"2020-08-28T21:03:57+00:00","og_image":[{"width":1280,"height":854,"url":"https:\/\/imperador.pt\/wp-content\/uploads\/2020\/08\/pol\u00edtica-de-privacidade-IMPERADOR-HOTEL-e1598648588465.jpg","type":"image\/jpeg"}],"twitter_card":"summary_large_image","twitter_title":"Pol\u00edtica de Privacidade | IMPERADOR HOTEL **","twitter_description":"Este site utiliza cookies de forma a melhorar o desempenho e experi\u00eancia do utilizador. Entre outras funcionalidades, os cookies servem, por exemplo, para identificar o dispositivo a partir do qual est\u00e1 a ser feito a consulta, permitindo optimizar o acesso a todas as \u00e1reas e funcionalidades. Ao continuar a navegar neste site est\u00e1 a consentir na utiliza\u00e7\u00e3o de cookies.","twitter_image":"https:\/\/imperador.pt\/wp-content\/uploads\/2020\/08\/pol\u00edtica-de-privacidade-IMPERADOR-HOTEL-e1598648588465.jpg","twitter_misc":{"Tempo estimado de leitura":"11 minutos"},"schema":{"@context":"https:\/\/schema.org","@graph":[{"@type":"WebPage","@id":"https:\/\/imperador.pt\/pt-pt\/politica-privacidade\/","url":"https:\/\/imperador.pt\/pt-pt\/politica-privacidade\/","name":"Pol\u00edtica de Privacidade | IMPERADOR HOTEL **","isPartOf":{"@id":"https:\/\/imperador.pt\/pt-pt\/#website"},"primaryImageOfPage":{"@id":"https:\/\/imperador.pt\/pt-pt\/politica-privacidade\/#primaryimage"},"image":{"@id":"https:\/\/imperador.pt\/pt-pt\/politica-privacidade\/#primaryimage"},"thumbnailUrl":"https:\/\/imperador.pt\/wp-content\/uploads\/2020\/08\/pol\u00edtica-de-privacidade-IMPERADOR-HOTEL-e1598648588465.jpg","datePublished":"2020-07-13T19:29:26+00:00","dateModified":"2020-08-28T21:03:57+00:00","description":"Este site utiliza cookies de forma a melhorar o desempenho e experi\u00eancia do utilizador. Entre outras funcionalidades, os cookies servem, por exemplo, para identificar o dispositivo a partir do qual est\u00e1 a ser feito a consulta, permitindo optimizar o acesso a todas as \u00e1reas e funcionalidades. Ao continuar a navegar neste site est\u00e1 a consentir na utiliza\u00e7\u00e3o de cookies.","breadcrumb":{"@id":"https:\/\/imperador.pt\/pt-pt\/politica-privacidade\/#breadcrumb"},"inLanguage":"pt-PT","potentialAction":[{"@type":"ReadAction","target":["https:\/\/imperador.pt\/pt-pt\/politica-privacidade\/"]}]},{"@type":"ImageObject","inLanguage":"pt-PT","@id":"https:\/\/imperador.pt\/pt-pt\/politica-privacidade\/#primaryimage","url":"https:\/\/imperador.pt\/wp-content\/uploads\/2020\/08\/pol\u00edtica-de-privacidade-IMPERADOR-HOTEL-e1598648588465.jpg","contentUrl":"https:\/\/imperador.pt\/wp-content\/uploads\/2020\/08\/pol\u00edtica-de-privacidade-IMPERADOR-HOTEL-e1598648588465.jpg","width":1280,"height":854},{"@type":"BreadcrumbList","@id":"https:\/\/imperador.pt\/pt-pt\/politica-privacidade\/#breadcrumb","itemListElement":[{"@type":"ListItem","position":1,"name":"In\u00edcio","item":"https:\/\/imperador.pt\/pt-pt\/"},{"@type":"ListItem","position":2,"name":"Pol\u00edtica de Privacidade"}]},{"@type":"WebSite","@id":"https:\/\/imperador.pt\/pt-pt\/#website","url":"https:\/\/imperador.pt\/pt-pt\/","name":"IMPERADOR HOTEL **","description":"Hotel muito tranquilo no centro da cidade de Lisboa junto \u00e0 Pra\u00e7a Duque de Saldanha.","publisher":{"@id":"https:\/\/imperador.pt\/pt-pt\/#organization"},"potentialAction":[{"@type":"SearchAction","target":{"@type":"EntryPoint","urlTemplate":"https:\/\/imperador.pt\/pt-pt\/?s={search_term_string}"},"query-input":{"@type":"PropertyValueSpecification","valueRequired":true,"valueName":"search_term_string"}}],"inLanguage":"pt-PT"},{"@type":"Organization","@id":"https:\/\/imperador.pt\/pt-pt\/#organization","name":"IMPERADOR HOTEL **","url":"https:\/\/imperador.pt\/pt-pt\/","logo":{"@type":"ImageObject","inLanguage":"pt-PT","@id":"https:\/\/imperador.pt\/pt-pt\/#\/schema\/logo\/image\/","url":"https:\/\/imperador.pt\/wp-content\/uploads\/2020\/07\/logotipo-imperador-hotel-254px-escuro.png","contentUrl":"https:\/\/imperador.pt\/wp-content\/uploads\/2020\/07\/logotipo-imperador-hotel-254px-escuro.png","width":255,"height":136,"caption":"IMPERADOR HOTEL **"},"image":{"@id":"https:\/\/imperador.pt\/pt-pt\/#\/schema\/logo\/image\/"},"sameAs":["https:\/\/www.facebook.com\/hotelImperadorLisboa\/"]}]}},"_links":{"self":[{"href":"https:\/\/imperador.pt\/pt-pt\/wp-json\/wp\/v2\/pages\/4095","targetHints":{"allow":["GET"]}}],"collection":[{"href":"https:\/\/imperador.pt\/pt-pt\/wp-json\/wp\/v2\/pages"}],"about":[{"href":"https:\/\/imperador.pt\/pt-pt\/wp-json\/wp\/v2\/types\/page"}],"author":[{"embeddable":true,"href":"https:\/\/imperador.pt\/pt-pt\/wp-json\/wp\/v2\/users\/1"}],"replies":[{"embeddable":true,"href":"https:\/\/imperador.pt\/pt-pt\/wp-json\/wp\/v2\/comments?post=4095"}],"version-history":[{"count":0,"href":"https:\/\/imperador.pt\/pt-pt\/wp-json\/wp\/v2\/pages\/4095\/revisions"}],"wp:featuredmedia":[{"embeddable":true,"href":"https:\/\/imperador.pt\/pt-pt\/wp-json\/wp\/v2\/media\/4453"}],"wp:attachment":[{"href":"https:\/\/imperador.pt\/pt-pt\/wp-json\/wp\/v2\/media?parent=4095"}],"curies":[{"name":"wp","href":"https:\/\/api.w.org\/{rel}","templated":true}]}}