{"id":4092,"date":"2020-07-13T19:23:39","date_gmt":"2020-07-13T19:23:39","guid":{"rendered":"https:\/\/imperador.pt\/?page_id=4092"},"modified":"2020-08-28T21:09:52","modified_gmt":"2020-08-28T21:09:52","slug":"reservas","status":"publish","type":"page","link":"https:\/\/imperador.pt\/pt-pt\/reservas\/","title":{"rendered":"Reservas"},"content":{"rendered":"<div  class=\"tatsu-ashqL6jPfu tatsu-section  tatsu-bg-overlay   tatsu-clearfix\" data-title=\"\"  data-headerscheme=\"background--dark\"><div class='tatsu-section-pad clearfix' data-padding='{\"d\":\"90px 0px 90px 0px\"}' data-padding-top='90px'><div class=\"tatsu-row-wrap  tatsu-wrap tatsu-row-one-col tatsu-row-has-one-cols tatsu-medium-gutter tatsu-reg-cols  tatsu-clearfix tatsu-DCuWrS-tvM\" ><div  class=\"tatsu-row \" ><div  class=\"tatsu-column  tatsu-bg-overlay tatsu-one-col tatsu-column-image-none tatsu-column-effect-none  tatsu-GUkAfir5g\"  data-parallax-speed=\"0\" style=\"\"><div class=\"tatsu-column-inner \" ><div class=\"tatsu-column-pad-wrap\"><div class=\"tatsu-column-pad\" ><div  class=\"tatsu-module tatsu-text-block-wrap tatsu-dKwfVMmcr  \"><div class=\"tatsu-text-inner tatsu-align-center  clearfix\" ><style>.tatsu-dKwfVMmcr.tatsu-text-block-wrap .tatsu-text-inner{width: 100%;text-align: left;}<\/style>\n<div class=\"wpb_text_column wpb_content_element   ct_piz5ag0wsy8y86ggcd1d\">\n<div class=\"wpb_wrapper\">\n<p style=\"text-align: center;\">DESCONTO IMEDIATO DE 5%, em todas as reservas online.<\/p>\n<\/div>\n<\/div>\n<\/div><\/div><div  class=\"tatsu-module tatsu-normal-button tatsu-button-wrap align-block block-center  tatsu-NshmpLdux   \"><a class=\"tatsu-shortcode mediumbtn tatsu-button left-icon circular   bg-animation-none  \" href=\"https:\/\/www.secure-hotel-booking.com\/smart\/IMPERADOR-HOTEL\/J2BU\/pt\/\" style= \"\"  aria-label=\"RESERVAS\" data-gdpr-atts={} target=\"_blank\">RESERVAS<\/a><style>.tatsu-NshmpLdux .tatsu-button{background-color: rgba(252,220,0,1);color: rgba(59,59,59,1) ;}<\/style><\/div><div  class=\"tatsu-module tatsu-text-block-wrap tatsu-ihr0LnWZz  \"><div class=\"tatsu-text-inner tatsu-align-center  clearfix\" ><style>.tatsu-ihr0LnWZz.tatsu-text-block-wrap .tatsu-text-inner{width: 100%;text-align: left;}<\/style>\n<p style=\"text-align: center;\">Obrigado pela sua prefer\u00eancia.<br \/>IMPERADOR HOTEL **<\/p>\n<\/div><\/div><\/div><\/div><div class = \"tatsu-column-bg-image-wrap\"><div class = \"tatsu-column-bg-image\" ><\/div><\/div><div class=\"tatsu-overlay tatsu-column-overlay tatsu-animate-none\" ><\/div><\/div><style>.tatsu-row > .tatsu-GUkAfir5g.tatsu-column{width: 100%;}.tatsu-GUkAfir5g.tatsu-column > .tatsu-column-inner > .tatsu-column-overlay{mix-blend-mode: normal;}.tatsu-GUkAfir5g > .tatsu-column-inner > .tatsu-top-divider{z-index: 9999;}.tatsu-GUkAfir5g > .tatsu-column-inner > .tatsu-bottom-divider{z-index: 9999;}.tatsu-GUkAfir5g > .tatsu-column-inner > .tatsu-left-divider{z-index: 9999;}.tatsu-GUkAfir5g > .tatsu-column-inner > .tatsu-right-divider{z-index: 9999;}@media only screen and (max-width:1377px) {.tatsu-row > .tatsu-GUkAfir5g.tatsu-column{width: 100%;}}@media only screen and (min-width:768px) and (max-width: 1024px) {.tatsu-row > .tatsu-GUkAfir5g.tatsu-column{width: 100%;}}@media only screen and (max-width: 767px) {.tatsu-row > .tatsu-GUkAfir5g.tatsu-column{width: 100%;}}<\/style><\/div><\/div><\/div><\/div><div class=\"tatsu-section-background-wrap\"><div class = \"tatsu-section-background\" ><\/div><\/div><div class=\"tatsu-overlay tatsu-section-overlay\"><\/div><style>.tatsu-ashqL6jPfu .tatsu-section-pad{padding: 90px 0px 90px 0px;}.tatsu-ashqL6jPfu .tatsu-section-offset-wrap{transform: translateY(-0px);}.tatsu-ashqL6jPfu > .tatsu-bottom-divider{z-index: 9999;}.tatsu-ashqL6jPfu > .tatsu-top-divider{z-index: 9999;}.tatsu-ashqL6jPfu .tatsu-section-overlay{mix-blend-mode: normal;}<\/style><\/div>\n","protected":false},"excerpt":{"rendered":"<p><a href=\"https:\/\/imperador.pt\/pt-pt\/reservas\/\" class=\"more-link style1-button\">Read More<\/a><\/p>","protected":false},"author":1,"featured_media":4457,"parent":0,"menu_order":0,"comment_status":"closed","ping_status":"closed","template":"","meta":{"footnotes":""},"class_list":["post-4092","page","type-page","status-publish","has-post-thumbnail","hentry"],"yoast_head":"<!-- This site is optimized with the Yoast SEO plugin v27.5 - https:\/\/yoast.com\/product\/yoast-seo-wordpress\/ -->\n<title>Reservas | IMPERADOR HOTEL **<\/title>\n<meta name=\"description\" content=\"Reserve o seu quarto no centro da cidade. Na nossa p\u00e1gina encontrar\u00e1 omelhor pre\u00e7o, com DESCONTO IMEDIATO DE 5% em todas as reservas online.\" \/>\n<meta name=\"robots\" content=\"index, follow, max-snippet:-1, max-image-preview:large, max-video-preview:-1\" \/>\n<link rel=\"canonical\" href=\"https:\/\/imperador.pt\/pt-pt\/reservas\/\" \/>\n<meta property=\"og:locale\" content=\"pt_PT\" \/>\n<meta property=\"og:type\" content=\"article\" \/>\n<meta property=\"og:title\" content=\"Reservas | IMPERADOR HOTEL **\" \/>\n<meta property=\"og:description\" content=\"Reserve o seu quarto no centro da cidade. Na nossa p\u00e1gina encontrar\u00e1 omelhor pre\u00e7o, com DESCONTO IMEDIATO DE 5% em todas as reservas online.\" \/>\n<meta property=\"og:url\" content=\"https:\/\/imperador.pt\/pt-pt\/reservas\/\" \/>\n<meta property=\"og:site_name\" content=\"IMPERADOR HOTEL **\" \/>\n<meta property=\"article:publisher\" content=\"https:\/\/www.facebook.com\/hotelImperadorLisboa\/\" \/>\n<meta property=\"article:modified_time\" content=\"2020-08-28T21:09:52+00:00\" \/>\n<meta property=\"og:image\" content=\"https:\/\/imperador.pt\/wp-content\/uploads\/2020\/08\/Reservas-IMPERADOR-HOTEL-e1598648956151.jpg\" \/>\n\t<meta property=\"og:image:width\" content=\"800\" \/>\n\t<meta property=\"og:image:height\" content=\"450\" \/>\n\t<meta property=\"og:image:type\" content=\"image\/jpeg\" \/>\n<meta name=\"twitter:card\" content=\"summary_large_image\" \/>\n<meta name=\"twitter:title\" content=\"Reservas | IMPERADOR HOTEL **\" \/>\n<meta name=\"twitter:description\" content=\"Reserve o seu quarto no centro da cidade. Na nossa p\u00e1gina encontrar\u00e1 omelhor pre\u00e7o, com DESCONTO IMEDIATO DE 5% em todas as reservas online.\" \/>\n<meta name=\"twitter:image\" content=\"https:\/\/imperador.pt\/wp-content\/uploads\/2020\/08\/Reservas-IMPERADOR-HOTEL-e1598648956151.jpg\" \/>\n<meta name=\"twitter:label1\" content=\"Tempo estimado de leitura\" \/>\n\t<meta name=\"twitter:data1\" content=\"4 minutos\" \/>\n<script type=\"application\/ld+json\" class=\"yoast-schema-graph\">{\"@context\":\"https:\\\/\\\/schema.org\",\"@graph\":[{\"@type\":\"WebPage\",\"@id\":\"https:\\\/\\\/imperador.pt\\\/pt-pt\\\/reservas\\\/\",\"url\":\"https:\\\/\\\/imperador.pt\\\/pt-pt\\\/reservas\\\/\",\"name\":\"Reservas | IMPERADOR HOTEL **\",\"isPartOf\":{\"@id\":\"https:\\\/\\\/imperador.pt\\\/pt-pt\\\/#website\"},\"primaryImageOfPage\":{\"@id\":\"https:\\\/\\\/imperador.pt\\\/pt-pt\\\/reservas\\\/#primaryimage\"},\"image\":{\"@id\":\"https:\\\/\\\/imperador.pt\\\/pt-pt\\\/reservas\\\/#primaryimage\"},\"thumbnailUrl\":\"https:\\\/\\\/imperador.pt\\\/wp-content\\\/uploads\\\/2020\\\/08\\\/Reservas-IMPERADOR-HOTEL-e1598648956151.jpg\",\"datePublished\":\"2020-07-13T19:23:39+00:00\",\"dateModified\":\"2020-08-28T21:09:52+00:00\",\"description\":\"Reserve o seu quarto no centro da cidade. Na nossa p\u00e1gina encontrar\u00e1 omelhor pre\u00e7o, com DESCONTO IMEDIATO DE 5% em todas as reservas online.\",\"breadcrumb\":{\"@id\":\"https:\\\/\\\/imperador.pt\\\/pt-pt\\\/reservas\\\/#breadcrumb\"},\"inLanguage\":\"pt-PT\",\"potentialAction\":[{\"@type\":\"ReadAction\",\"target\":[\"https:\\\/\\\/imperador.pt\\\/pt-pt\\\/reservas\\\/\"]}]},{\"@type\":\"ImageObject\",\"inLanguage\":\"pt-PT\",\"@id\":\"https:\\\/\\\/imperador.pt\\\/pt-pt\\\/reservas\\\/#primaryimage\",\"url\":\"https:\\\/\\\/imperador.pt\\\/wp-content\\\/uploads\\\/2020\\\/08\\\/Reservas-IMPERADOR-HOTEL-e1598648956151.jpg\",\"contentUrl\":\"https:\\\/\\\/imperador.pt\\\/wp-content\\\/uploads\\\/2020\\\/08\\\/Reservas-IMPERADOR-HOTEL-e1598648956151.jpg\",\"width\":800,\"height\":450},{\"@type\":\"BreadcrumbList\",\"@id\":\"https:\\\/\\\/imperador.pt\\\/pt-pt\\\/reservas\\\/#breadcrumb\",\"itemListElement\":[{\"@type\":\"ListItem\",\"position\":1,\"name\":\"In\u00edcio\",\"item\":\"https:\\\/\\\/imperador.pt\\\/pt-pt\\\/\"},{\"@type\":\"ListItem\",\"position\":2,\"name\":\"Reservas\"}]},{\"@type\":\"WebSite\",\"@id\":\"https:\\\/\\\/imperador.pt\\\/pt-pt\\\/#website\",\"url\":\"https:\\\/\\\/imperador.pt\\\/pt-pt\\\/\",\"name\":\"IMPERADOR HOTEL **\",\"description\":\"Hotel muito tranquilo no centro da cidade de Lisboa junto \u00e0 Pra\u00e7a Duque de Saldanha.\",\"publisher\":{\"@id\":\"https:\\\/\\\/imperador.pt\\\/pt-pt\\\/#organization\"},\"potentialAction\":[{\"@type\":\"SearchAction\",\"target\":{\"@type\":\"EntryPoint\",\"urlTemplate\":\"https:\\\/\\\/imperador.pt\\\/pt-pt\\\/?s={search_term_string}\"},\"query-input\":{\"@type\":\"PropertyValueSpecification\",\"valueRequired\":true,\"valueName\":\"search_term_string\"}}],\"inLanguage\":\"pt-PT\"},{\"@type\":\"Organization\",\"@id\":\"https:\\\/\\\/imperador.pt\\\/pt-pt\\\/#organization\",\"name\":\"IMPERADOR HOTEL **\",\"url\":\"https:\\\/\\\/imperador.pt\\\/pt-pt\\\/\",\"logo\":{\"@type\":\"ImageObject\",\"inLanguage\":\"pt-PT\",\"@id\":\"https:\\\/\\\/imperador.pt\\\/pt-pt\\\/#\\\/schema\\\/logo\\\/image\\\/\",\"url\":\"https:\\\/\\\/imperador.pt\\\/wp-content\\\/uploads\\\/2020\\\/07\\\/logotipo-imperador-hotel-254px-escuro.png\",\"contentUrl\":\"https:\\\/\\\/imperador.pt\\\/wp-content\\\/uploads\\\/2020\\\/07\\\/logotipo-imperador-hotel-254px-escuro.png\",\"width\":255,\"height\":136,\"caption\":\"IMPERADOR HOTEL **\"},\"image\":{\"@id\":\"https:\\\/\\\/imperador.pt\\\/pt-pt\\\/#\\\/schema\\\/logo\\\/image\\\/\"},\"sameAs\":[\"https:\\\/\\\/www.facebook.com\\\/hotelImperadorLisboa\\\/\"]}]}<\/script>\n<!-- \/ Yoast SEO plugin. -->","yoast_head_json":{"title":"Reservas | IMPERADOR HOTEL **","description":"Reserve o seu quarto no centro da cidade. Na nossa p\u00e1gina encontrar\u00e1 omelhor pre\u00e7o, com DESCONTO IMEDIATO DE 5% em todas as reservas online.","robots":{"index":"index","follow":"follow","max-snippet":"max-snippet:-1","max-image-preview":"max-image-preview:large","max-video-preview":"max-video-preview:-1"},"canonical":"https:\/\/imperador.pt\/pt-pt\/reservas\/","og_locale":"pt_PT","og_type":"article","og_title":"Reservas | IMPERADOR HOTEL **","og_description":"Reserve o seu quarto no centro da cidade. Na nossa p\u00e1gina encontrar\u00e1 omelhor pre\u00e7o, com DESCONTO IMEDIATO DE 5% em todas as reservas online.","og_url":"https:\/\/imperador.pt\/pt-pt\/reservas\/","og_site_name":"IMPERADOR HOTEL **","article_publisher":"https:\/\/www.facebook.com\/hotelImperadorLisboa\/","article_modified_time":"2020-08-28T21:09:52+00:00","og_image":[{"width":800,"height":450,"url":"https:\/\/imperador.pt\/wp-content\/uploads\/2020\/08\/Reservas-IMPERADOR-HOTEL-e1598648956151.jpg","type":"image\/jpeg"}],"twitter_card":"summary_large_image","twitter_title":"Reservas | IMPERADOR HOTEL **","twitter_description":"Reserve o seu quarto no centro da cidade. Na nossa p\u00e1gina encontrar\u00e1 omelhor pre\u00e7o, com DESCONTO IMEDIATO DE 5% em todas as reservas online.","twitter_image":"https:\/\/imperador.pt\/wp-content\/uploads\/2020\/08\/Reservas-IMPERADOR-HOTEL-e1598648956151.jpg","twitter_misc":{"Tempo estimado de leitura":"4 minutos"},"schema":{"@context":"https:\/\/schema.org","@graph":[{"@type":"WebPage","@id":"https:\/\/imperador.pt\/pt-pt\/reservas\/","url":"https:\/\/imperador.pt\/pt-pt\/reservas\/","name":"Reservas | IMPERADOR HOTEL **","isPartOf":{"@id":"https:\/\/imperador.pt\/pt-pt\/#website"},"primaryImageOfPage":{"@id":"https:\/\/imperador.pt\/pt-pt\/reservas\/#primaryimage"},"image":{"@id":"https:\/\/imperador.pt\/pt-pt\/reservas\/#primaryimage"},"thumbnailUrl":"https:\/\/imperador.pt\/wp-content\/uploads\/2020\/08\/Reservas-IMPERADOR-HOTEL-e1598648956151.jpg","datePublished":"2020-07-13T19:23:39+00:00","dateModified":"2020-08-28T21:09:52+00:00","description":"Reserve o seu quarto no centro da cidade. Na nossa p\u00e1gina encontrar\u00e1 omelhor pre\u00e7o, com DESCONTO IMEDIATO DE 5% em todas as reservas online.","breadcrumb":{"@id":"https:\/\/imperador.pt\/pt-pt\/reservas\/#breadcrumb"},"inLanguage":"pt-PT","potentialAction":[{"@type":"ReadAction","target":["https:\/\/imperador.pt\/pt-pt\/reservas\/"]}]},{"@type":"ImageObject","inLanguage":"pt-PT","@id":"https:\/\/imperador.pt\/pt-pt\/reservas\/#primaryimage","url":"https:\/\/imperador.pt\/wp-content\/uploads\/2020\/08\/Reservas-IMPERADOR-HOTEL-e1598648956151.jpg","contentUrl":"https:\/\/imperador.pt\/wp-content\/uploads\/2020\/08\/Reservas-IMPERADOR-HOTEL-e1598648956151.jpg","width":800,"height":450},{"@type":"BreadcrumbList","@id":"https:\/\/imperador.pt\/pt-pt\/reservas\/#breadcrumb","itemListElement":[{"@type":"ListItem","position":1,"name":"In\u00edcio","item":"https:\/\/imperador.pt\/pt-pt\/"},{"@type":"ListItem","position":2,"name":"Reservas"}]},{"@type":"WebSite","@id":"https:\/\/imperador.pt\/pt-pt\/#website","url":"https:\/\/imperador.pt\/pt-pt\/","name":"IMPERADOR HOTEL **","description":"Hotel muito tranquilo no centro da cidade de Lisboa junto \u00e0 Pra\u00e7a Duque de Saldanha.","publisher":{"@id":"https:\/\/imperador.pt\/pt-pt\/#organization"},"potentialAction":[{"@type":"SearchAction","target":{"@type":"EntryPoint","urlTemplate":"https:\/\/imperador.pt\/pt-pt\/?s={search_term_string}"},"query-input":{"@type":"PropertyValueSpecification","valueRequired":true,"valueName":"search_term_string"}}],"inLanguage":"pt-PT"},{"@type":"Organization","@id":"https:\/\/imperador.pt\/pt-pt\/#organization","name":"IMPERADOR HOTEL **","url":"https:\/\/imperador.pt\/pt-pt\/","logo":{"@type":"ImageObject","inLanguage":"pt-PT","@id":"https:\/\/imperador.pt\/pt-pt\/#\/schema\/logo\/image\/","url":"https:\/\/imperador.pt\/wp-content\/uploads\/2020\/07\/logotipo-imperador-hotel-254px-escuro.png","contentUrl":"https:\/\/imperador.pt\/wp-content\/uploads\/2020\/07\/logotipo-imperador-hotel-254px-escuro.png","width":255,"height":136,"caption":"IMPERADOR HOTEL **"},"image":{"@id":"https:\/\/imperador.pt\/pt-pt\/#\/schema\/logo\/image\/"},"sameAs":["https:\/\/www.facebook.com\/hotelImperadorLisboa\/"]}]}},"_links":{"self":[{"href":"https:\/\/imperador.pt\/pt-pt\/wp-json\/wp\/v2\/pages\/4092","targetHints":{"allow":["GET"]}}],"collection":[{"href":"https:\/\/imperador.pt\/pt-pt\/wp-json\/wp\/v2\/pages"}],"about":[{"href":"https:\/\/imperador.pt\/pt-pt\/wp-json\/wp\/v2\/types\/page"}],"author":[{"embeddable":true,"href":"https:\/\/imperador.pt\/pt-pt\/wp-json\/wp\/v2\/users\/1"}],"replies":[{"embeddable":true,"href":"https:\/\/imperador.pt\/pt-pt\/wp-json\/wp\/v2\/comments?post=4092"}],"version-history":[{"count":0,"href":"https:\/\/imperador.pt\/pt-pt\/wp-json\/wp\/v2\/pages\/4092\/revisions"}],"wp:featuredmedia":[{"embeddable":true,"href":"https:\/\/imperador.pt\/pt-pt\/wp-json\/wp\/v2\/media\/4457"}],"wp:attachment":[{"href":"https:\/\/imperador.pt\/pt-pt\/wp-json\/wp\/v2\/media?parent=4092"}],"curies":[{"name":"wp","href":"https:\/\/api.w.org\/{rel}","templated":true}]}}